{"id":626,"date":"2023-02-16T13:20:50","date_gmt":"2023-02-16T11:20:50","guid":{"rendered":"https:\/\/construccionsvall.com\/construccions-vall\/"},"modified":"2024-06-05T18:50:52","modified_gmt":"2024-06-05T16:50:52","slug":"construccions-vall","status":"publish","type":"page","link":"https:\/\/construccionsvall.com\/es\/","title":{"rendered":"Construccions Vall"},"content":{"rendered":"<p>[et_pb_section fb_built=\u00bb1&#8243; _builder_version=\u00bb4.17.6&#8243; _module_preset=\u00bbdefault\u00bb custom_padding=\u00bb0px||0px||false|false\u00bb bottom_divider_color=\u00bb#FFFFFF\u00bb global_colors_info=\u00bb{}\u00bb][et_pb_row _builder_version=\u00bb4.17.6&#8243; _module_preset=\u00bbdefault\u00bb width=\u00bb100%\u00bb max_width=\u00bb100%\u00bb custom_padding=\u00bb0px||0px||false|false\u00bb global_colors_info=\u00bb{}\u00bb][et_pb_column type=\u00bb4_4&#8243; _builder_version=\u00bb4.17.6&#8243; _module_preset=\u00bbdefault\u00bb global_colors_info=\u00bb{}\u00bb][et_pb_slider arrows_custom_color=\u00bb#E3001B\u00bb dot_nav_custom_color=\u00bb#E3001B\u00bb _builder_version=\u00bb4.25.1&#8243; _module_preset=\u00bbdefault\u00bb height=\u00bb600px\u00bb animation_style=\u00bbfade\u00bb auto=\u00bbon\u00bb auto_speed=\u00bb4500&#8243; hover_enabled=\u00bb0&#8243; global_colors_info=\u00bb{}\u00bb height_last_edited=\u00bbon|phone\u00bb sticky_enabled=\u00bb0&#8243; height_phone=\u00bb325px\u00bb height_tablet=\u00bb600px\u00bb][et_pb_slide _builder_version=\u00bb4.24.2&#8243; _module_preset=\u00bbdefault\u00bb background_enable_color=\u00bboff\u00bb background_image=\u00bbhttps:\/\/construccionsvall.com\/wp-content\/uploads\/2024\/03\/Grua-i-pedra-2.jpg\u00bb background_enable_image=\u00bbon\u00bb global_colors_info=\u00bb{}\u00bb sticky_transition=\u00bbon\u00bb][\/et_pb_slide][et_pb_slide _builder_version=\u00bb4.24.3&#8243; _module_preset=\u00bbdefault\u00bb background_enable_color=\u00bboff\u00bb background_image=\u00bbhttps:\/\/construccionsvall.com\/wp-content\/uploads\/2024\/03\/Castell-de-Castellar-interior.jpg\u00bb background_enable_image=\u00bbon\u00bb global_colors_info=\u00bb{}\u00bb sticky_transition=\u00bbon\u00bb][\/et_pb_slide][et_pb_slide _builder_version=\u00bb4.24.2&#8243; _module_preset=\u00bbdefault\u00bb background_enable_color=\u00bboff\u00bb background_image=\u00bbhttps:\/\/construccionsvall.com\/wp-content\/uploads\/2024\/03\/General-Torres-de-Fals-2.jpg\u00bb background_enable_image=\u00bbon\u00bb global_colors_info=\u00bb{}\u00bb sticky_transition=\u00bbon\u00bb][\/et_pb_slide][\/et_pb_slider][\/et_pb_column][\/et_pb_row][\/et_pb_section][et_pb_section fb_built=\u00bb1&#8243; _builder_version=\u00bb4.24.3&#8243; _module_preset=\u00bbdefault\u00bb custom_padding=\u00bb||0px|||\u00bb global_colors_info=\u00bb{}\u00bb][et_pb_row column_structure=\u00bb2_5,3_5&#8243; _builder_version=\u00bb4.17.6&#8243; _module_preset=\u00bbdefault\u00bb custom_margin=\u00bb||||false|false\u00bb custom_padding=\u00bb||0px||false|false\u00bb border_color_bottom=\u00bb#ADB0B7&#8243; global_colors_info=\u00bb{}\u00bb][et_pb_column type=\u00bb2_5&#8243; _builder_version=\u00bb4.17.6&#8243; _module_preset=\u00bbdefault\u00bb global_colors_info=\u00bb{}\u00bb][et_pb_image src=\u00bbhttps:\/\/construccionsvall.com\/wp-content\/uploads\/2023\/02\/construccions-vall-imagotip.jpg\u00bb title_text=\u00bbconstruccions vall &#8211; imagotip\u00bb _builder_version=\u00bb4.24.3&#8243; _module_preset=\u00bbdefault\u00bb custom_padding=\u00bb0px||||false|false\u00bb global_colors_info=\u00bb{}\u00bb][\/et_pb_image][\/et_pb_column][et_pb_column type=\u00bb3_5&#8243; _builder_version=\u00bb4.17.6&#8243; _module_preset=\u00bbdefault\u00bb global_colors_info=\u00bb{}\u00bb][et_pb_text _builder_version=\u00bb4.17.6&#8243; _module_preset=\u00bbdefault\u00bb global_colors_info=\u00bb{}\u00bb]<\/p>\n<blockquote>\n<h3>Ubicados en Sant Joan de Vilatorrada, ofrecemos servicios de construcci\u00f3n de viviendas, reformas interiores y exteriores, mantenimientos y trabajos de urbanizaci\u00f3n y obra p\u00fablica en el Bages y en toda Catalu\u00f1a garantizando el mejor resultado y calidad para cada proyecto.<\/h3>\n<\/blockquote>\n<p>[\/et_pb_text][\/et_pb_column][\/et_pb_row][et_pb_row _builder_version=\u00bb4.24.3&#8243; _module_preset=\u00bbdefault\u00bb max_width=\u00bb1400px\u00bb custom_padding=\u00bb||0px|||\u00bb global_colors_info=\u00bb{}\u00bb][et_pb_column type=\u00bb4_4&#8243; _builder_version=\u00bb4.24.3&#8243; _module_preset=\u00bbdefault\u00bb global_colors_info=\u00bb{}\u00bb][et_pb_text _builder_version=\u00bb4.24.2&#8243; _dynamic_attributes=\u00bbcontent\u00bb _module_preset=\u00bbdefault\u00bb text_orientation=\u00bbcenter\u00bb custom_margin=\u00bb||40px|||\u00bb locked=\u00bboff\u00bb global_colors_info=\u00bb{}\u00bb]@ET-DC@eyJkeW5hbWljIjp0cnVlLCJjb250ZW50Ijoic2l0ZV90aXRsZSIsInNldHRpbmdzIjp7ImJlZm9yZSI6IjxoMT4iLCJhZnRlciI6IjxcL2gxPiJ9fQ==@[\/et_pb_text][et_pb_blog posts_number=\u00bb5&#8243; include_categories=\u00bb1&#8243; show_author=\u00bboff\u00bb show_date=\u00bboff\u00bb show_categories=\u00bboff\u00bb show_excerpt=\u00bboff\u00bb show_pagination=\u00bboff\u00bb use_overlay=\u00bbon\u00bb hover_overlay_color=\u00bbRGBA(255,255,255,0)\u00bb hover_icon=\u00bb&#x31;||divi||400&#8243; module_class=\u00bbcol-blog\u00bb _builder_version=\u00bb4.24.3&#8243; _module_preset=\u00bbdefault\u00bb header_font=\u00bb|300|||||||\u00bb header_font_size=\u00bb25px\u00bb header_line_height=\u00bb1.3em\u00bb text_orientation=\u00bbcenter\u00bb border_width_all=\u00bb0px\u00bb border_radii_image=\u00bboff|5px||5px|\u00bb box_shadow_style=\u00bbpreset3&#8243; box_shadow_color=\u00bbrgba(0,0,0,0.15)\u00bb box_shadow_style_image=\u00bbpreset3&#8243; box_shadow_vertical_image=\u00bb0px\u00bb box_shadow_blur_image=\u00bb25px\u00bb global_colors_info=\u00bb{}\u00bb border_radii_image__hover=\u00bboff|0px||0px|\u00bb border_radii_image__hover_enabled=\u00bbon|desktop\u00bb child_filter_saturate__hover=\u00bb100%\u00bb child_filter_saturate__hover_enabled=\u00bboff|desktop\u00bb][\/et_pb_blog][et_pb_divider divider_weight=\u00bb5px\u00bb _builder_version=\u00bb4.17.6&#8243; _module_preset=\u00bbdefault\u00bb width=\u00bb20%\u00bb max_width=\u00bb25%\u00bb module_alignment=\u00bbcenter\u00bb global_colors_info=\u00bb{}\u00bb][\/et_pb_divider][et_pb_text _builder_version=\u00bb4.24.2&#8243; _module_preset=\u00bbdefault\u00bb custom_padding=\u00bb||41px|||\u00bb global_colors_info=\u00bb{}\u00bb]<\/p>\n<div>\n<p align=\"justify\">Construccions Vall Fonollosa S.L. es una empresa familiar fundada despu\u00e9s de una trayectoria con 5 generaciones familiares en el mismo sector de la construcci\u00f3n.<\/p>\n<p align=\"justify\">Valores como el compromiso, la calidad y la seriedad han sido los principales pilares de nuestra empresa, ligada a una larga experiencia profesional, ha resultado ser una referente en el sector de la restauraci\u00f3n y el mantenimiento del patrimonio hist\u00f3rico.<\/p>\n<p align=\"justify\">De nuestros inicios, conservamos el esp\u00edritu familiar y el trato directo con nuestros clientes frente al crecimiento en volumen de la empresa. <\/p>\n<p align=\"justify\"> Nuestra mejor garant\u00eda para hacer frente a los retos futuros es la s\u00f3lida estructura de la empresa basada en el valor del equipo humano y la dilatada experiencia fruto de las obras que hemos ejecutado.<\/p>\n<\/div>\n<p>[\/et_pb_text][\/et_pb_column][\/et_pb_row][\/et_pb_section][et_pb_section fb_built=\u00bb1&#8243; next_background_color=\u00bb#000000&#8243; disabled_on=\u00bbon|on|on\u00bb _builder_version=\u00bb4.17.6&#8243; _module_preset=\u00bbdefault\u00bb background_enable_color=\u00bboff\u00bb custom_padding=\u00bb31px||80px|||\u00bb bottom_divider_style=\u00bbasymmetric2&#8243; disabled=\u00bbon\u00bb global_colors_info=\u00bb{}\u00bb][et_pb_row _builder_version=\u00bb4.17.6&#8243; _module_preset=\u00bbdefault\u00bb custom_padding=\u00bb||||false|false\u00bb border_width_bottom=\u00bb1px\u00bb border_color_bottom=\u00bb#ADB0B7&#8243; global_colors_info=\u00bb{}\u00bb][et_pb_column type=\u00bb4_4&#8243; _builder_version=\u00bb4.17.6&#8243; _module_preset=\u00bbdefault\u00bb global_colors_info=\u00bb{}\u00bb][et_pb_text _builder_version=\u00bb4.17.6&#8243; _module_preset=\u00bbdefault\u00bb text_orientation=\u00bbcenter\u00bb custom_margin=\u00bb||35px|||\u00bb global_colors_info=\u00bb{}\u00bb]<\/p>\n<h2>Construimos desde la experiencia<\/h2>\n<h3>5 generaciones dedicadas a la construcci\u00f3n y rehabilitaci\u00f3n resultando un referente en la reforma y mantenimiento del patrimonio hist\u00f3rico.<\/h3>\n<p>[\/et_pb_text][et_pb_accordion _builder_version=\u00bb4.24.2&#8243; _module_preset=\u00bbdefault\u00bb global_colors_info=\u00bb{}\u00bb][et_pb_accordion_item title=\u00bbYour Title Goes Here\u00bb open=\u00bbon\u00bb _builder_version=\u00bb4.24.2&#8243; _module_preset=\u00bbdefault\u00bb global_colors_info=\u00bb{}\u00bb]<\/p>\n<p>Your content goes here. Edit or remove this text inline or in the module Content settings. You can also style every aspect of this content in the module Design settings and even apply custom CSS to this text in the module Advanced settings.<\/p>\n<p><img loading=\"lazy\" decoding=\"async\" src=\"https:\/\/construccionsvall.com\/wp-content\/uploads\/2024\/03\/General-Torres-de-Fals-300x200.jpg\" width=\"300\" height=\"200\" alt=\"\" class=\"wp-image-275 alignnone size-medium\"><\/p>\n<p>[\/et_pb_accordion_item][et_pb_accordion_item title=\u00bbYour Title Goes Here\u00bb _builder_version=\u00bb4.24.2&#8243; _module_preset=\u00bbdefault\u00bb global_colors_info=\u00bb{}\u00bb open=\u00bboff\u00bb]<\/p>\n<p>Your content goes here. Edit or remove this text inline or in the module Content settings. You can also style every aspect of this content in the module Design settings and even apply custom CSS to this text in the module Advanced settings.<\/p>\n<p>[\/et_pb_accordion_item][\/et_pb_accordion][et_pb_tabs _builder_version=\u00bb4.24.2&#8243; _module_preset=\u00bbdefault\u00bb global_colors_info=\u00bb{}\u00bb][et_pb_tab title=\u00bbTab Title\u00bb _builder_version=\u00bb4.24.2&#8243; _module_preset=\u00bbdefault\u00bb global_colors_info=\u00bb{}\u00bb]<\/p>\n<p>Your content goes here. Edit or remove this text inline or in the module Content settings. You can also style every aspect of this content in the module Design settings and even apply custom CSS to this text in the module Advanced settings.<\/p>\n<p>[\/et_pb_tab][et_pb_tab title=\u00bbTab Title\u00bb _builder_version=\u00bb4.24.2&#8243; _module_preset=\u00bbdefault\u00bb global_colors_info=\u00bb{}\u00bb]<\/p>\n<p>Your content goes here. Edit or remove this text inline or in the module Content settings. You can also style every aspect of this content in the module Design settings and even apply custom CSS to this text in the module Advanced settings.<\/p>\n<p>[\/et_pb_tab][\/et_pb_tabs][\/et_pb_column][\/et_pb_row][et_pb_row column_structure=\u00bb1_5,1_5,1_5,1_5,1_5&#8243; _builder_version=\u00bb4.17.6&#8243; _module_preset=\u00bbdefault\u00bb global_colors_info=\u00bb{}\u00bb][et_pb_column type=\u00bb1_5&#8243; _builder_version=\u00bb4.17.6&#8243; _module_preset=\u00bbdefault\u00bb global_colors_info=\u00bb{}\u00bb][et_pb_image src=\u00bbhttp:\/\/localhost:8888\/vall\/wp-content\/uploads\/2023\/02\/construccions-vall-imagotip.jpg\u00bb title_text=\u00bbconstruccions vall &#8211; imagotip\u00bb align=\u00bbcenter\u00bb _builder_version=\u00bb4.17.6&#8243; _module_preset=\u00bbdefault\u00bb transform_scale=\u00bb90%|90%\u00bb max_width=\u00bb150px\u00bb module_alignment=\u00bbcenter\u00bb filter_saturate=\u00bb0%\u00bb global_colors_info=\u00bb{}\u00bb filter_saturate__hover_enabled=\u00bbon|hover\u00bb filter_saturate__hover=\u00bb100%\u00bb transform_styles__hover_enabled=\u00bbon|desktop\u00bb transform_scale__hover_enabled=\u00bbon|desktop\u00bb transform_translate__hover_enabled=\u00bbon|hover\u00bb transform_rotate__hover_enabled=\u00bbon|hover\u00bb transform_skew__hover_enabled=\u00bbon|hover\u00bb transform_origin__hover_enabled=\u00bbon|hover\u00bb transform_scale__hover=\u00bb93%|93%\u00bb][\/et_pb_image][\/et_pb_column][et_pb_column type=\u00bb1_5&#8243; _builder_version=\u00bb4.17.6&#8243; _module_preset=\u00bbdefault\u00bb global_colors_info=\u00bb{}\u00bb][et_pb_image src=\u00bbhttp:\/\/localhost:8888\/vall\/wp-content\/uploads\/2023\/02\/construccions-vall-imagotip.jpg\u00bb title_text=\u00bbconstruccions vall &#8211; imagotip\u00bb align=\u00bbcenter\u00bb _builder_version=\u00bb4.17.6&#8243; _module_preset=\u00bbdefault\u00bb transform_scale=\u00bb90%|90%\u00bb max_width=\u00bb150px\u00bb module_alignment=\u00bbcenter\u00bb filter_saturate=\u00bb0%\u00bb global_colors_info=\u00bb{}\u00bb filter_saturate__hover_enabled=\u00bbon|hover\u00bb filter_saturate__hover=\u00bb100%\u00bb transform_styles__hover_enabled=\u00bbon|hover\u00bb transform_scale__hover_enabled=\u00bbon|hover\u00bb transform_translate__hover_enabled=\u00bbon|hover\u00bb transform_rotate__hover_enabled=\u00bbon|hover\u00bb transform_skew__hover_enabled=\u00bbon|hover\u00bb transform_origin__hover_enabled=\u00bbon|hover\u00bb transform_scale__hover=\u00bb100%|100%\u00bb][\/et_pb_image][\/et_pb_column][et_pb_column type=\u00bb1_5&#8243; _builder_version=\u00bb4.17.6&#8243; _module_preset=\u00bbdefault\u00bb global_colors_info=\u00bb{}\u00bb][et_pb_image src=\u00bbhttp:\/\/localhost:8888\/vall\/wp-content\/uploads\/2023\/02\/construccions-vall-imagotip.jpg\u00bb title_text=\u00bbconstruccions vall &#8211; imagotip\u00bb align=\u00bbcenter\u00bb _builder_version=\u00bb4.17.6&#8243; _module_preset=\u00bbdefault\u00bb transform_scale=\u00bb90%|90%\u00bb max_width=\u00bb150px\u00bb module_alignment=\u00bbcenter\u00bb filter_saturate=\u00bb0%\u00bb global_colors_info=\u00bb{}\u00bb filter_saturate__hover_enabled=\u00bbon|hover\u00bb filter_saturate__hover=\u00bb100%\u00bb transform_styles__hover_enabled=\u00bbon|hover\u00bb transform_scale__hover_enabled=\u00bbon|hover\u00bb transform_translate__hover_enabled=\u00bbon|hover\u00bb transform_rotate__hover_enabled=\u00bbon|hover\u00bb transform_skew__hover_enabled=\u00bbon|hover\u00bb transform_origin__hover_enabled=\u00bbon|hover\u00bb transform_scale__hover=\u00bb100%|100%\u00bb][\/et_pb_image][\/et_pb_column][et_pb_column type=\u00bb1_5&#8243; _builder_version=\u00bb4.17.6&#8243; _module_preset=\u00bbdefault\u00bb global_colors_info=\u00bb{}\u00bb][et_pb_image src=\u00bbhttp:\/\/localhost:8888\/vall\/wp-content\/uploads\/2023\/02\/construccions-vall-imagotip.jpg\u00bb title_text=\u00bbconstruccions vall &#8211; imagotip\u00bb align=\u00bbcenter\u00bb _builder_version=\u00bb4.17.6&#8243; _module_preset=\u00bbdefault\u00bb transform_scale=\u00bb90%|90%\u00bb max_width=\u00bb150px\u00bb module_alignment=\u00bbcenter\u00bb filter_saturate=\u00bb0%\u00bb global_colors_info=\u00bb{}\u00bb filter_saturate__hover_enabled=\u00bbon|hover\u00bb filter_saturate__hover=\u00bb100%\u00bb transform_styles__hover_enabled=\u00bbon|hover\u00bb transform_scale__hover_enabled=\u00bbon|hover\u00bb transform_translate__hover_enabled=\u00bbon|hover\u00bb transform_rotate__hover_enabled=\u00bbon|hover\u00bb transform_skew__hover_enabled=\u00bbon|hover\u00bb transform_origin__hover_enabled=\u00bbon|hover\u00bb transform_scale__hover=\u00bb100%|100%\u00bb][\/et_pb_image][\/et_pb_column][et_pb_column type=\u00bb1_5&#8243; _builder_version=\u00bb4.17.6&#8243; _module_preset=\u00bbdefault\u00bb global_colors_info=\u00bb{}\u00bb][et_pb_image src=\u00bbhttp:\/\/localhost:8888\/vall\/wp-content\/uploads\/2023\/02\/construccions-vall-imagotip.jpg\u00bb title_text=\u00bbconstruccions vall &#8211; imagotip\u00bb align=\u00bbcenter\u00bb _builder_version=\u00bb4.17.6&#8243; _module_preset=\u00bbdefault\u00bb transform_scale=\u00bb90%|90%\u00bb max_width=\u00bb150px\u00bb module_alignment=\u00bbcenter\u00bb filter_saturate=\u00bb0%\u00bb global_colors_info=\u00bb{}\u00bb filter_saturate__hover_enabled=\u00bbon|hover\u00bb filter_saturate__hover=\u00bb100%\u00bb transform_styles__hover_enabled=\u00bbon|hover\u00bb transform_scale__hover_enabled=\u00bbon|hover\u00bb transform_translate__hover_enabled=\u00bbon|hover\u00bb transform_rotate__hover_enabled=\u00bbon|hover\u00bb transform_skew__hover_enabled=\u00bbon|hover\u00bb transform_origin__hover_enabled=\u00bbon|hover\u00bb transform_scale__hover=\u00bb100%|100%\u00bb][\/et_pb_image][\/et_pb_column][\/et_pb_row][\/et_pb_section]<\/p>\n","protected":false},"excerpt":{"rendered":"<p>Construccions Vall suma 5 generaciones ofreciendo servicios de construcci\u00f3n de viviendas, reformas interiores y exteriores, mantenimientos y trabajos de urbanizaci\u00f3n y obra p\u00fablica desde Sant Joan de Vilatorrada por toda Catalu\u00f1a garantizando el mejor resultado y calidad para cada proyecto.<\/p>\n","protected":false},"author":1,"featured_media":531,"parent":0,"menu_order":0,"comment_status":"closed","ping_status":"closed","template":"","meta":{"_et_pb_use_builder":"on","_et_pb_old_content":"","_et_gb_content_width":"","footnotes":""},"class_list":["post-626","page","type-page","status-publish","has-post-thumbnail","hentry"],"_links":{"self":[{"href":"https:\/\/construccionsvall.com\/es\/wp-json\/wp\/v2\/pages\/626","targetHints":{"allow":["GET"]}}],"collection":[{"href":"https:\/\/construccionsvall.com\/es\/wp-json\/wp\/v2\/pages"}],"about":[{"href":"https:\/\/construccionsvall.com\/es\/wp-json\/wp\/v2\/types\/page"}],"author":[{"embeddable":true,"href":"https:\/\/construccionsvall.com\/es\/wp-json\/wp\/v2\/users\/1"}],"replies":[{"embeddable":true,"href":"https:\/\/construccionsvall.com\/es\/wp-json\/wp\/v2\/comments?post=626"}],"version-history":[{"count":2,"href":"https:\/\/construccionsvall.com\/es\/wp-json\/wp\/v2\/pages\/626\/revisions"}],"predecessor-version":[{"id":628,"href":"https:\/\/construccionsvall.com\/es\/wp-json\/wp\/v2\/pages\/626\/revisions\/628"}],"wp:featuredmedia":[{"embeddable":true,"href":"https:\/\/construccionsvall.com\/es\/wp-json\/wp\/v2\/media\/531"}],"wp:attachment":[{"href":"https:\/\/construccionsvall.com\/es\/wp-json\/wp\/v2\/media?parent=626"}],"curies":[{"name":"wp","href":"https:\/\/api.w.org\/{rel}","templated":true}]}}